{"id":64,"date":"2015-05-18T19:36:46","date_gmt":"2015-05-18T17:36:46","guid":{"rendered":"https:\/\/panaderialartica.com\/?page_id=64"},"modified":"2023-08-03T20:08:06","modified_gmt":"2023-08-03T18:08:06","slug":"portada","status":"publish","type":"page","link":"https:\/\/panaderialartica.com\/fr\/","title":{"rendered":"L&rsquo;Artica"},"content":{"rendered":"\t\t<div data-elementor-type=\"wp-page\" data-elementor-id=\"64\" class=\"elementor elementor-64 elementor-42\" data-elementor-post-type=\"page\">\n\t\t\t\t\t\t<section class=\"elementor-section elementor-top-section elementor-element elementor-element-bbb0a78 elementor-section-full_width elementor-section-stretched elementor-section-height-default elementor-section-height-default\" data-id=\"bbb0a78\" data-element_type=\"section\" data-e-type=\"section\" data-settings=\"{&quot;stretch_section&quot;:&quot;section-stretched&quot;}\">\n\t\t\t\t\t\t<div class=\"elementor-container elementor-column-gap-default\">\n\t\t\t\t\t<div class=\"elementor-column elementor-col-100 elementor-top-column elementor-element elementor-element-71bd50f\" data-id=\"71bd50f\" data-element_type=\"column\" data-e-type=\"column\">\n\t\t\t<div class=\"elementor-widget-wrap elementor-element-populated\">\n\t\t\t\t\t\t<div class=\"elementor-element elementor-element-e619a38 elementor-arrows-position-inside elementor-widget elementor-widget-image-carousel\" data-id=\"e619a38\" data-element_type=\"widget\" data-e-type=\"widget\" data-settings=\"{&quot;slides_to_show&quot;:&quot;3&quot;,&quot;navigation&quot;:&quot;arrows&quot;,&quot;autoplay_speed&quot;:2000,&quot;autoplay&quot;:&quot;yes&quot;,&quot;pause_on_hover&quot;:&quot;yes&quot;,&quot;pause_on_interaction&quot;:&quot;yes&quot;,&quot;infinite&quot;:&quot;yes&quot;,&quot;speed&quot;:500}\" data-widget_type=\"image-carousel.default\">\n\t\t\t\t<div class=\"elementor-widget-container\">\n\t\t\t\t\t\t\t<div class=\"elementor-image-carousel-wrapper swiper\" role=\"region\" aria-roledescription=\"carousel\" aria-label=\"Carrousel d\u2019images\" dir=\"ltr\">\n\t\t\t<div class=\"elementor-image-carousel swiper-wrapper\" aria-live=\"off\">\n\t\t\t\t\t\t\t\t<div class=\"swiper-slide\" role=\"group\" aria-roledescription=\"slide\" aria-label=\"1 sur 7\"><figure class=\"swiper-slide-inner\"><img decoding=\"async\" class=\"swiper-slide-image\" src=\"https:\/\/panaderialartica.com\/wp-content\/uploads\/colegiata-terraza-carrusel-1-768x513.jpg\" alt=\"colegiata-terraza-carrusel\" \/><\/figure><\/div><div class=\"swiper-slide\" role=\"group\" aria-roledescription=\"slide\" aria-label=\"2 sur 7\"><figure class=\"swiper-slide-inner\"><img decoding=\"async\" class=\"swiper-slide-image\" src=\"https:\/\/panaderialartica.com\/wp-content\/uploads\/mostrador-lartica-768x512.jpg\" alt=\"mostrador-lartica\" \/><\/figure><\/div><div class=\"swiper-slide\" role=\"group\" aria-roledescription=\"slide\" aria-label=\"3 sur 7\"><figure class=\"swiper-slide-inner\"><img decoding=\"async\" class=\"swiper-slide-image\" src=\"https:\/\/panaderialartica.com\/wp-content\/uploads\/obrador-768x512.jpg\" alt=\"Obrador propio\" \/><\/figure><\/div><div class=\"swiper-slide\" role=\"group\" aria-roledescription=\"slide\" aria-label=\"4 sur 7\"><figure class=\"swiper-slide-inner\"><img decoding=\"async\" class=\"swiper-slide-image\" src=\"https:\/\/panaderialartica.com\/wp-content\/uploads\/mayte-768x512.jpg\" alt=\"Panader\u00eda\" \/><\/figure><\/div><div class=\"swiper-slide\" role=\"group\" aria-roledescription=\"slide\" aria-label=\"5 sur 7\"><figure class=\"swiper-slide-inner\"><img decoding=\"async\" class=\"swiper-slide-image\" src=\"https:\/\/panaderialartica.com\/wp-content\/uploads\/pizzas-768x512.jpg\" alt=\"Pizzas en hornos de le\u00f1a\" \/><\/figure><\/div><div class=\"swiper-slide\" role=\"group\" aria-roledescription=\"slide\" aria-label=\"6 sur 7\"><figure class=\"swiper-slide-inner\"><img decoding=\"async\" class=\"swiper-slide-image\" src=\"https:\/\/panaderialartica.com\/wp-content\/uploads\/lartica-exterior-768x512.jpg\" alt=\"lartica-exterior\" \/><\/figure><\/div><div class=\"swiper-slide\" role=\"group\" aria-roledescription=\"slide\" aria-label=\"7 sur 7\"><figure class=\"swiper-slide-inner\"><img decoding=\"async\" class=\"swiper-slide-image\" src=\"https:\/\/panaderialartica.com\/wp-content\/uploads\/detalle-pastel-768x512.jpg\" alt=\"Surtido de pasteles\" \/><\/figure><\/div>\t\t\t<\/div>\n\t\t\t\t\t\t\t\t\t\t\t\t<div class=\"elementor-swiper-button elementor-swiper-button-prev\" role=\"button\" tabindex=\"0\">\n\t\t\t\t\t\t<i aria-hidden=\"true\" class=\"eicon-chevron-left\"><\/i>\t\t\t\t\t<\/div>\n\t\t\t\t\t<div class=\"elementor-swiper-button elementor-swiper-button-next\" role=\"button\" tabindex=\"0\">\n\t\t\t\t\t\t<i aria-hidden=\"true\" class=\"eicon-chevron-right\"><\/i>\t\t\t\t\t<\/div>\n\t\t\t\t\n\t\t\t\t\t\t\t\t\t<\/div>\n\t\t\t\t\t\t<\/div>\n\t\t\t\t<\/div>\n\t\t\t\t\t<\/div>\n\t\t<\/div>\n\t\t\t\t\t<\/div>\n\t\t<\/section>\n\t\t\t\t<section class=\"elementor-section elementor-top-section elementor-element elementor-element-3754910 elementor-section-boxed elementor-section-height-default elementor-section-height-default\" data-id=\"3754910\" data-element_type=\"section\" data-e-type=\"section\">\n\t\t\t\t\t\t<div class=\"elementor-container elementor-column-gap-default\">\n\t\t\t\t\t<div class=\"elementor-column elementor-col-100 elementor-top-column elementor-element elementor-element-4f8c6f0\" data-id=\"4f8c6f0\" data-element_type=\"column\" data-e-type=\"column\">\n\t\t\t<div class=\"elementor-widget-wrap elementor-element-populated\">\n\t\t\t\t\t\t<div class=\"elementor-element elementor-element-28583f5 elementor-widget elementor-widget-heading\" data-id=\"28583f5\" data-element_type=\"widget\" data-e-type=\"widget\" data-widget_type=\"heading.default\">\n\t\t\t\t<div class=\"elementor-widget-container\">\n\t\t\t\t\t<h1 class=\"elementor-heading-title elementor-size-default\">Boulangerie artisanale, caf\u00e9t\u00e9ria et salle de d\u00e9gustation \u00e0 Alqu\u00e9zar<\/h1>\t\t\t\t<\/div>\n\t\t\t\t<\/div>\n\t\t\t\t<div class=\"elementor-element elementor-element-d453f5f elementor-widget elementor-widget-text-editor\" data-id=\"d453f5f\" data-element_type=\"widget\" data-e-type=\"widget\" data-widget_type=\"text-editor.default\">\n\t\t\t\t<div class=\"elementor-widget-container\">\n\t\t\t\t\t\t\t\t\tFour \u00e0 bois nich\u00e9 dans la roche d&rsquo;un ravin de la Sierra de Guara. Il nous permet de profiter de magnifiques temp\u00e9ratures de cuisson, en obtenant du pain et des p\u00e2tisseries de tr\u00e8s bonne qualit\u00e9.\t\t\t\t\t\t\t\t<\/div>\n\t\t\t\t<\/div>\n\t\t\t\t\t<\/div>\n\t\t<\/div>\n\t\t\t\t\t<\/div>\n\t\t<\/section>\n\t\t\t\t<section class=\"elementor-section elementor-top-section elementor-element elementor-element-1eecc1b elementor-section-boxed elementor-section-height-default elementor-section-height-default\" data-id=\"1eecc1b\" data-element_type=\"section\" data-e-type=\"section\">\n\t\t\t\t\t\t<div class=\"elementor-container elementor-column-gap-default\">\n\t\t\t\t\t<div class=\"elementor-column elementor-col-33 elementor-top-column elementor-element elementor-element-60fb4d9\" data-id=\"60fb4d9\" data-element_type=\"column\" data-e-type=\"column\">\n\t\t\t<div class=\"elementor-widget-wrap elementor-element-populated\">\n\t\t\t\t\t\t<div class=\"elementor-element elementor-element-821afba elementor-position-top elementor-widget elementor-widget-image-box\" data-id=\"821afba\" data-element_type=\"widget\" data-e-type=\"widget\" data-widget_type=\"image-box.default\">\n\t\t\t\t<div class=\"elementor-widget-container\">\n\t\t\t\t\t<div class=\"elementor-image-box-wrapper\"><figure class=\"elementor-image-box-img\"><a href=\"https:\/\/panaderialartica.com\/panaderia-cafeteria\/\" tabindex=\"-1\"><img fetchpriority=\"high\" decoding=\"async\" width=\"506\" height=\"506\" src=\"https:\/\/panaderialartica.com\/wp-content\/uploads\/pan-portada-cuadrado.jpg\" class=\"elementor-animation-grow attachment-full size-full wp-image-1506\" alt=\"\" srcset=\"https:\/\/panaderialartica.com\/wp-content\/uploads\/pan-portada-cuadrado.jpg 506w, https:\/\/panaderialartica.com\/wp-content\/uploads\/pan-portada-cuadrado-300x300.jpg 300w, https:\/\/panaderialartica.com\/wp-content\/uploads\/pan-portada-cuadrado-150x150.jpg 150w\" sizes=\"(max-width: 506px) 100vw, 506px\" \/><\/a><\/figure><div class=\"elementor-image-box-content\"><h3 class=\"elementor-image-box-title\"><a href=\"https:\/\/panaderialartica.com\/panaderia-cafeteria\/\">Boulangerie<\/a><\/h3><p class=\"elementor-image-box-description\">Pains sp\u00e9ciaux, assortiment de viennoiseries sucr\u00e9es et sal\u00e9es pour que vous puissiez les d\u00e9guster au petit matin.<\/p><\/div><\/div>\t\t\t\t<\/div>\n\t\t\t\t<\/div>\n\t\t\t\t\t<\/div>\n\t\t<\/div>\n\t\t\t\t<div class=\"elementor-column elementor-col-33 elementor-top-column elementor-element elementor-element-d59dcd8\" data-id=\"d59dcd8\" data-element_type=\"column\" data-e-type=\"column\">\n\t\t\t<div class=\"elementor-widget-wrap elementor-element-populated\">\n\t\t\t\t\t\t<div class=\"elementor-element elementor-element-70712aa elementor-position-top elementor-widget elementor-widget-image-box\" data-id=\"70712aa\" data-element_type=\"widget\" data-e-type=\"widget\" data-widget_type=\"image-box.default\">\n\t\t\t\t<div class=\"elementor-widget-container\">\n\t\t\t\t\t<div class=\"elementor-image-box-wrapper\"><figure class=\"elementor-image-box-img\"><a href=\"https:\/\/panaderialartica.com\/panaderia-cafeteria\/\" tabindex=\"-1\"><img decoding=\"async\" width=\"337\" height=\"337\" src=\"https:\/\/panaderialartica.com\/wp-content\/uploads\/cafe-portada-cuadrado.jpg\" class=\"elementor-animation-grow attachment-full size-full wp-image-1485\" alt=\"\" srcset=\"https:\/\/panaderialartica.com\/wp-content\/uploads\/cafe-portada-cuadrado.jpg 337w, https:\/\/panaderialartica.com\/wp-content\/uploads\/cafe-portada-cuadrado-300x300.jpg 300w, https:\/\/panaderialartica.com\/wp-content\/uploads\/cafe-portada-cuadrado-150x150.jpg 150w\" sizes=\"(max-width: 337px) 100vw, 337px\" \/><\/a><\/figure><div class=\"elementor-image-box-content\"><h3 class=\"elementor-image-box-title\"><a href=\"https:\/\/panaderialartica.com\/panaderia-cafeteria\/\">Caf\u00e9<\/a><\/h3><p class=\"elementor-image-box-description\">\nPrendre le petit d\u00e9jeuner \u00e0 l'aube sur nos terrasses peut \u00eatre une exp\u00e9rience unique pour tous les sens.<\/p><\/div><\/div>\t\t\t\t<\/div>\n\t\t\t\t<\/div>\n\t\t\t\t\t<\/div>\n\t\t<\/div>\n\t\t\t\t<div class=\"elementor-column elementor-col-33 elementor-top-column elementor-element elementor-element-cef1c29\" data-id=\"cef1c29\" data-element_type=\"column\" data-e-type=\"column\">\n\t\t\t<div class=\"elementor-widget-wrap elementor-element-populated\">\n\t\t\t\t\t\t<div class=\"elementor-element elementor-element-34fbcbd elementor-position-top elementor-widget elementor-widget-image-box\" data-id=\"34fbcbd\" data-element_type=\"widget\" data-e-type=\"widget\" data-widget_type=\"image-box.default\">\n\t\t\t\t<div class=\"elementor-widget-container\">\n\t\t\t\t\t<div class=\"elementor-image-box-wrapper\"><figure class=\"elementor-image-box-img\"><a href=\"https:\/\/panaderialartica.com\/panaderia-cafeteria\/\" tabindex=\"-1\"><img decoding=\"async\" width=\"600\" height=\"600\" src=\"https:\/\/panaderialartica.com\/wp-content\/uploads\/picnic-cuadrado.jpg\" class=\"elementor-animation-grow attachment-full size-full wp-image-1513\" alt=\"\" srcset=\"https:\/\/panaderialartica.com\/wp-content\/uploads\/picnic-cuadrado.jpg 600w, https:\/\/panaderialartica.com\/wp-content\/uploads\/picnic-cuadrado-300x300.jpg 300w, https:\/\/panaderialartica.com\/wp-content\/uploads\/picnic-cuadrado-150x150.jpg 150w\" sizes=\"(max-width: 600px) 100vw, 600px\" \/><\/a><\/figure><div class=\"elementor-image-box-content\"><h3 class=\"elementor-image-box-title\"><a href=\"https:\/\/panaderialartica.com\/panaderia-cafeteria\/\">D\u00e9gustation<\/a><\/h3><p class=\"elementor-image-box-description\">Vous pouvez le d\u00e9guster sur notre magnifique terrasse ou l'emporter avec vous dans un sac pique-nique.<\/p><\/div><\/div>\t\t\t\t<\/div>\n\t\t\t\t<\/div>\n\t\t\t\t\t<\/div>\n\t\t<\/div>\n\t\t\t\t\t<\/div>\n\t\t<\/section>\n\t\t\t\t<\/div>\n\t\t","protected":false},"excerpt":{"rendered":"<p>Boulangerie artisanale, caf\u00e9t\u00e9ria et salle de d\u00e9gustation \u00e0 Alqu\u00e9zar Four \u00e0 bois nich\u00e9 dans la roche d&rsquo;un ravin de la Sierra de Guara. Il nous permet de profiter de magnifiques temp\u00e9ratures de cuisson, en obtenant du pain et des p\u00e2tisseries de tr\u00e8s bonne qualit\u00e9. Boulangerie Pains sp\u00e9ciaux, assortiment de viennoiseries sucr\u00e9es et sal\u00e9es pour que&hellip;<\/p>\n","protected":false},"author":5,"featured_media":0,"parent":0,"menu_order":0,"comment_status":"closed","ping_status":"closed","template":"","meta":{"footnotes":""},"class_list":["post-64","page","type-page","status-publish","hentry"],"_links":{"self":[{"href":"https:\/\/panaderialartica.com\/fr\/wp-json\/wp\/v2\/pages\/64","targetHints":{"allow":["GET"]}}],"collection":[{"href":"https:\/\/panaderialartica.com\/fr\/wp-json\/wp\/v2\/pages"}],"about":[{"href":"https:\/\/panaderialartica.com\/fr\/wp-json\/wp\/v2\/types\/page"}],"author":[{"embeddable":true,"href":"https:\/\/panaderialartica.com\/fr\/wp-json\/wp\/v2\/users\/5"}],"replies":[{"embeddable":true,"href":"https:\/\/panaderialartica.com\/fr\/wp-json\/wp\/v2\/comments?post=64"}],"version-history":[{"count":28,"href":"https:\/\/panaderialartica.com\/fr\/wp-json\/wp\/v2\/pages\/64\/revisions"}],"predecessor-version":[{"id":1758,"href":"https:\/\/panaderialartica.com\/fr\/wp-json\/wp\/v2\/pages\/64\/revisions\/1758"}],"wp:attachment":[{"href":"https:\/\/panaderialartica.com\/fr\/wp-json\/wp\/v2\/media?parent=64"}],"curies":[{"name":"wp","href":"https:\/\/api.w.org\/{rel}","templated":true}]}}