{"id":572,"date":"2015-10-26T20:01:19","date_gmt":"2015-10-26T19:01:19","guid":{"rendered":"https:\/\/panaderialartica.com\/fr\/?page_id=572"},"modified":"2023-08-03T20:23:56","modified_gmt":"2023-08-03T18:23:56","slug":"boulangerie-et-cafe","status":"publish","type":"page","link":"https:\/\/panaderialartica.com\/fr\/boulangerie-et-cafe\/","title":{"rendered":"Boulangerie et Caf\u00e9"},"content":{"rendered":"\t\t<div data-elementor-type=\"wp-page\" data-elementor-id=\"572\" class=\"elementor elementor-572 elementor-400\" data-elementor-post-type=\"page\">\n\t\t\t\t\t\t<section class=\"elementor-section elementor-top-section elementor-element elementor-element-5304a5c3 elementor-section-content-middle elementor-section-boxed elementor-section-height-default elementor-section-height-default\" data-id=\"5304a5c3\" data-element_type=\"section\" data-e-type=\"section\">\n\t\t\t\t\t\t<div class=\"elementor-container elementor-column-gap-extended\">\n\t\t\t\t\t<div class=\"elementor-column elementor-col-50 elementor-top-column elementor-element elementor-element-410ba62a\" data-id=\"410ba62a\" data-element_type=\"column\" data-e-type=\"column\">\n\t\t\t<div class=\"elementor-widget-wrap elementor-element-populated\">\n\t\t\t\t\t\t<div class=\"elementor-element elementor-element-4e099410 elementor-widget elementor-widget-image\" data-id=\"4e099410\" data-element_type=\"widget\" data-e-type=\"widget\" data-settings=\"{&quot;_animation&quot;:&quot;none&quot;}\" data-widget_type=\"image.default\">\n\t\t\t\t<div class=\"elementor-widget-container\">\n\t\t\t\t\t\t\t\t\t\t\t\t\t\t\t<img fetchpriority=\"high\" decoding=\"async\" width=\"600\" height=\"600\" src=\"https:\/\/panaderialartica.com\/wp-content\/uploads\/cestas-pan-cuadrado.jpg\" class=\"attachment-full size-full wp-image-1734\" alt=\"Pan artesano en Alqu\u00e9zar\" srcset=\"https:\/\/panaderialartica.com\/wp-content\/uploads\/cestas-pan-cuadrado.jpg 600w, https:\/\/panaderialartica.com\/wp-content\/uploads\/cestas-pan-cuadrado-300x300.jpg 300w, https:\/\/panaderialartica.com\/wp-content\/uploads\/cestas-pan-cuadrado-150x150.jpg 150w\" sizes=\"(max-width: 600px) 100vw, 600px\" \/>\t\t\t\t\t\t\t\t\t\t\t\t\t\t\t<\/div>\n\t\t\t\t<\/div>\n\t\t\t\t\t<\/div>\n\t\t<\/div>\n\t\t\t\t<div class=\"elementor-column elementor-col-50 elementor-top-column elementor-element elementor-element-40c67f8c\" data-id=\"40c67f8c\" data-element_type=\"column\" data-e-type=\"column\">\n\t\t\t<div class=\"elementor-widget-wrap elementor-element-populated\">\n\t\t\t\t\t\t<section class=\"elementor-section elementor-inner-section elementor-element elementor-element-167927d5 elementor-section-boxed elementor-section-height-default elementor-section-height-default\" data-id=\"167927d5\" data-element_type=\"section\" data-e-type=\"section\">\n\t\t\t\t\t\t<div class=\"elementor-container elementor-column-gap-default\">\n\t\t\t\t\t<div class=\"elementor-column elementor-col-100 elementor-inner-column elementor-element elementor-element-3602075e\" data-id=\"3602075e\" data-element_type=\"column\" data-e-type=\"column\">\n\t\t\t<div class=\"elementor-widget-wrap elementor-element-populated\">\n\t\t\t\t\t\t<div class=\"elementor-element elementor-element-305eb455 elementor-widget elementor-widget-heading\" data-id=\"305eb455\" data-element_type=\"widget\" data-e-type=\"widget\" data-widget_type=\"heading.default\">\n\t\t\t\t<div class=\"elementor-widget-container\">\n\t\t\t\t\t<h2 class=\"elementor-heading-title elementor-size-default\">Nous fabriquons des pains sp\u00e9ciaux tous les soirs, ainsi qu'une vari\u00e9t\u00e9 de viennoiseries sucr\u00e9es et sal\u00e9es.<\/h2>\t\t\t\t<\/div>\n\t\t\t\t<\/div>\n\t\t\t\t<div class=\"elementor-element elementor-element-2e10b94e elementor-widget elementor-widget-text-editor\" data-id=\"2e10b94e\" data-element_type=\"widget\" data-e-type=\"widget\" data-widget_type=\"text-editor.default\">\n\t\t\t\t<div class=\"elementor-widget-container\">\n\t\t\t\t\t\t\t\t\t<p>Nous avons la collection de p\u00e2tes pyr\u00e9n\u00e9ennes, des bonbons avec des histoires bas\u00e9es sur des contes populaires et des l\u00e9gendes. Presque tous nos produits sont fabriqu\u00e9s de fa\u00e7on unique et maison, feuillet\u00e9s, g\u00e2teaux et tartes. Tout porte la marque de notre four.<\/p>\t\t\t\t\t\t\t\t<\/div>\n\t\t\t\t<\/div>\n\t\t\t\t\t<\/div>\n\t\t<\/div>\n\t\t\t\t\t<\/div>\n\t\t<\/section>\n\t\t\t\t\t<\/div>\n\t\t<\/div>\n\t\t\t\t\t<\/div>\n\t\t<\/section>\n\t\t\t\t<section class=\"elementor-section elementor-top-section elementor-element elementor-element-6cbd15d3 elementor-section-content-middle elementor-reverse-mobile elementor-section-boxed elementor-section-height-default elementor-section-height-default\" data-id=\"6cbd15d3\" data-element_type=\"section\" data-e-type=\"section\">\n\t\t\t\t\t\t<div class=\"elementor-container elementor-column-gap-extended\">\n\t\t\t\t\t<div class=\"elementor-column elementor-col-50 elementor-top-column elementor-element elementor-element-1e985235\" data-id=\"1e985235\" data-element_type=\"column\" data-e-type=\"column\">\n\t\t\t<div class=\"elementor-widget-wrap elementor-element-populated\">\n\t\t\t\t\t\t<section class=\"elementor-section elementor-inner-section elementor-element elementor-element-44e1e4b7 elementor-section-boxed elementor-section-height-default elementor-section-height-default\" data-id=\"44e1e4b7\" data-element_type=\"section\" data-e-type=\"section\">\n\t\t\t\t\t\t<div class=\"elementor-container elementor-column-gap-default\">\n\t\t\t\t\t<div class=\"elementor-column elementor-col-100 elementor-inner-column elementor-element elementor-element-16de6025\" data-id=\"16de6025\" data-element_type=\"column\" data-e-type=\"column\">\n\t\t\t<div class=\"elementor-widget-wrap elementor-element-populated\">\n\t\t\t\t\t\t<div class=\"elementor-element elementor-element-4507e969 elementor-widget elementor-widget-heading\" data-id=\"4507e969\" data-element_type=\"widget\" data-e-type=\"widget\" data-widget_type=\"heading.default\">\n\t\t\t\t<div class=\"elementor-widget-container\">\n\t\t\t\t\t<h2 class=\"elementor-heading-title elementor-size-default\">Cafeter\u00eda con encanto y un sal\u00f3n con unas terrazas panor\u00e1micas y unas vistas extraordinarias.<\/h2>\t\t\t\t<\/div>\n\t\t\t\t<\/div>\n\t\t\t\t<div class=\"elementor-element elementor-element-7d9feb92 elementor-widget elementor-widget-text-editor\" data-id=\"7d9feb92\" data-element_type=\"widget\" data-e-type=\"widget\" data-widget_type=\"text-editor.default\">\n\t\t\t\t<div class=\"elementor-widget-container\">\n\t\t\t\t\t\t\t\t\tCaf\u00e9t\u00e9ria de charme et salon avec terrasses panoramiques et vues extraordinaires.\t\t\t\t\t\t\t\t<\/div>\n\t\t\t\t<\/div>\n\t\t\t\t\t<\/div>\n\t\t<\/div>\n\t\t\t\t\t<\/div>\n\t\t<\/section>\n\t\t\t\t\t<\/div>\n\t\t<\/div>\n\t\t\t\t<div class=\"elementor-column elementor-col-50 elementor-top-column elementor-element elementor-element-31370817\" data-id=\"31370817\" data-element_type=\"column\" data-e-type=\"column\">\n\t\t\t<div class=\"elementor-widget-wrap elementor-element-populated\">\n\t\t\t\t\t\t<div class=\"elementor-element elementor-element-6b1996b0 elementor-widget elementor-widget-image\" data-id=\"6b1996b0\" data-element_type=\"widget\" data-e-type=\"widget\" data-settings=\"{&quot;_animation&quot;:&quot;none&quot;}\" data-widget_type=\"image.default\">\n\t\t\t\t<div class=\"elementor-widget-container\">\n\t\t\t\t\t\t\t\t\t\t\t\t\t\t\t<img decoding=\"async\" width=\"600\" height=\"600\" src=\"https:\/\/panaderialartica.com\/wp-content\/uploads\/colegiata-terraza-cuadrado.jpg\" class=\"attachment-full size-full wp-image-1590\" alt=\"Colegiata de Alqu\u00e9zar con desayuno\" srcset=\"https:\/\/panaderialartica.com\/wp-content\/uploads\/colegiata-terraza-cuadrado.jpg 600w, https:\/\/panaderialartica.com\/wp-content\/uploads\/colegiata-terraza-cuadrado-300x300.jpg 300w, https:\/\/panaderialartica.com\/wp-content\/uploads\/colegiata-terraza-cuadrado-150x150.jpg 150w\" sizes=\"(max-width: 600px) 100vw, 600px\" \/>\t\t\t\t\t\t\t\t\t\t\t\t\t\t\t<\/div>\n\t\t\t\t<\/div>\n\t\t\t\t\t<\/div>\n\t\t<\/div>\n\t\t\t\t\t<\/div>\n\t\t<\/section>\n\t\t\t\t<section class=\"elementor-section elementor-top-section elementor-element elementor-element-2f5b63eb elementor-section-content-middle elementor-section-boxed elementor-section-height-default elementor-section-height-default\" data-id=\"2f5b63eb\" data-element_type=\"section\" data-e-type=\"section\">\n\t\t\t\t\t\t<div class=\"elementor-container elementor-column-gap-extended\">\n\t\t\t\t\t<div class=\"elementor-column elementor-col-50 elementor-top-column elementor-element elementor-element-27dd118e\" data-id=\"27dd118e\" data-element_type=\"column\" data-e-type=\"column\">\n\t\t\t<div class=\"elementor-widget-wrap elementor-element-populated\">\n\t\t\t\t\t\t<div class=\"elementor-element elementor-element-4ea89994 elementor-widget elementor-widget-image\" data-id=\"4ea89994\" data-element_type=\"widget\" data-e-type=\"widget\" data-settings=\"{&quot;_animation&quot;:&quot;none&quot;}\" data-widget_type=\"image.default\">\n\t\t\t\t<div class=\"elementor-widget-container\">\n\t\t\t\t\t\t\t\t\t\t\t\t\t\t\t<img decoding=\"async\" width=\"600\" height=\"600\" src=\"https:\/\/panaderialartica.com\/wp-content\/uploads\/alforja-cuadrada.jpg\" class=\"attachment-full size-full wp-image-1775\" alt=\"Alforja de picnic\" srcset=\"https:\/\/panaderialartica.com\/wp-content\/uploads\/alforja-cuadrada.jpg 600w, https:\/\/panaderialartica.com\/wp-content\/uploads\/alforja-cuadrada-300x300.jpg 300w, https:\/\/panaderialartica.com\/wp-content\/uploads\/alforja-cuadrada-150x150.jpg 150w\" sizes=\"(max-width: 600px) 100vw, 600px\" \/>\t\t\t\t\t\t\t\t\t\t\t\t\t\t\t<\/div>\n\t\t\t\t<\/div>\n\t\t\t\t\t<\/div>\n\t\t<\/div>\n\t\t\t\t<div class=\"elementor-column elementor-col-50 elementor-top-column elementor-element elementor-element-b484142\" data-id=\"b484142\" data-element_type=\"column\" data-e-type=\"column\">\n\t\t\t<div class=\"elementor-widget-wrap elementor-element-populated\">\n\t\t\t\t\t\t<section class=\"elementor-section elementor-inner-section elementor-element elementor-element-93a2c7b elementor-section-boxed elementor-section-height-default elementor-section-height-default\" data-id=\"93a2c7b\" data-element_type=\"section\" data-e-type=\"section\">\n\t\t\t\t\t\t<div class=\"elementor-container elementor-column-gap-default\">\n\t\t\t\t\t<div class=\"elementor-column elementor-col-100 elementor-inner-column elementor-element elementor-element-34186b76\" data-id=\"34186b76\" data-element_type=\"column\" data-e-type=\"column\">\n\t\t\t<div class=\"elementor-widget-wrap elementor-element-populated\">\n\t\t\t\t\t\t<div class=\"elementor-element elementor-element-77872eb4 elementor-widget elementor-widget-heading\" data-id=\"77872eb4\" data-element_type=\"widget\" data-e-type=\"widget\" data-widget_type=\"heading.default\">\n\t\t\t\t<div class=\"elementor-widget-container\">\n\t\t\t\t\t<h2 class=\"elementor-heading-title elementor-size-default\">Nous vous pr\u00e9parons un picnic \u00e0 emporter dans une sacoche.<\/h2>\t\t\t\t<\/div>\n\t\t\t\t<\/div>\n\t\t\t\t<div class=\"elementor-element elementor-element-20814a7a elementor-widget elementor-widget-text-editor\" data-id=\"20814a7a\" data-element_type=\"widget\" data-e-type=\"widget\" data-widget_type=\"text-editor.default\">\n\t\t\t\t<div class=\"elementor-widget-container\">\n\t\t\t\t\t\t\t\t\tSi vous venez sur ces terres et que vous avez envie de passer une journ\u00e9e, \u00e0 travers la campagne, la rivi\u00e8re ou la visite d&rsquo;espaces naturels et que vous n&rsquo;avez rien pr\u00e9par\u00e9, nous vous facilitons la t\u00e2che. Il est con\u00e7u pour vous fournir tout ce dont vous avez besoin pendant la marche. Il peut s&rsquo;agir aussi bien d&rsquo;un sandwich que d&rsquo;une salade ou d&rsquo;une omelette aux pommes de terre. Demandez nous.\t\t\t\t\t\t\t\t<\/div>\n\t\t\t\t<\/div>\n\t\t\t\t\t<\/div>\n\t\t<\/div>\n\t\t\t\t\t<\/div>\n\t\t<\/section>\n\t\t\t\t\t<\/div>\n\t\t<\/div>\n\t\t\t\t\t<\/div>\n\t\t<\/section>\n\t\t\t\t<section class=\"elementor-section elementor-top-section elementor-element elementor-element-3c0c2bf elementor-section-content-middle elementor-section-boxed elementor-section-height-default elementor-section-height-default\" data-id=\"3c0c2bf\" data-element_type=\"section\" data-e-type=\"section\">\n\t\t\t\t\t\t<div class=\"elementor-container elementor-column-gap-extended\">\n\t\t\t\t\t<div class=\"elementor-column elementor-col-50 elementor-top-column elementor-element elementor-element-e13cd27\" data-id=\"e13cd27\" data-element_type=\"column\" data-e-type=\"column\">\n\t\t\t<div class=\"elementor-widget-wrap elementor-element-populated\">\n\t\t\t\t\t\t<section class=\"elementor-section elementor-inner-section elementor-element elementor-element-0144e92 elementor-section-boxed elementor-section-height-default elementor-section-height-default\" data-id=\"0144e92\" data-element_type=\"section\" data-e-type=\"section\">\n\t\t\t\t\t\t<div class=\"elementor-container elementor-column-gap-default\">\n\t\t\t\t\t<div class=\"elementor-column elementor-col-100 elementor-inner-column elementor-element elementor-element-6dc75d1\" data-id=\"6dc75d1\" data-element_type=\"column\" data-e-type=\"column\">\n\t\t\t<div class=\"elementor-widget-wrap elementor-element-populated\">\n\t\t\t\t\t\t<div class=\"elementor-element elementor-element-8ac305c elementor-widget elementor-widget-heading\" data-id=\"8ac305c\" data-element_type=\"widget\" data-e-type=\"widget\" data-widget_type=\"heading.default\">\n\t\t\t\t<div class=\"elementor-widget-container\">\n\t\t\t\t\t<h2 class=\"elementor-heading-title elementor-size-default\">Nous avons un espace de lecture et de repos.<\/h2>\t\t\t\t<\/div>\n\t\t\t\t<\/div>\n\t\t\t\t<div class=\"elementor-element elementor-element-041787c elementor-widget elementor-widget-text-editor\" data-id=\"041787c\" data-element_type=\"widget\" data-e-type=\"widget\" data-widget_type=\"text-editor.default\">\n\t\t\t\t<div class=\"elementor-widget-container\">\n\t\t\t\t\t\t\t\t\tProfitez de notre biblioth\u00e8que et d\u00e9tendez-vous en contemplant les belles vues depuis notre terrasse. Apr\u00e8s une journ\u00e9e bien remplie, quoi de mieux que de faire une pause.\t\t\t\t\t\t\t\t<\/div>\n\t\t\t\t<\/div>\n\t\t\t\t\t<\/div>\n\t\t<\/div>\n\t\t\t\t\t<\/div>\n\t\t<\/section>\n\t\t\t\t\t<\/div>\n\t\t<\/div>\n\t\t\t\t<div class=\"elementor-column elementor-col-50 elementor-top-column elementor-element elementor-element-ac251d7\" data-id=\"ac251d7\" data-element_type=\"column\" data-e-type=\"column\">\n\t\t\t<div class=\"elementor-widget-wrap elementor-element-populated\">\n\t\t\t\t\t\t<div class=\"elementor-element elementor-element-770691c elementor-widget elementor-widget-image\" data-id=\"770691c\" data-element_type=\"widget\" data-e-type=\"widget\" data-settings=\"{&quot;_animation&quot;:&quot;none&quot;}\" data-widget_type=\"image.default\">\n\t\t\t\t<div class=\"elementor-widget-container\">\n\t\t\t\t\t\t\t\t\t\t\t\t\t\t\t<img loading=\"lazy\" decoding=\"async\" width=\"600\" height=\"600\" src=\"https:\/\/panaderialartica.com\/wp-content\/uploads\/espacio-lectura-cuadrado.jpg\" class=\"attachment-full size-full wp-image-1629\" alt=\"Espacio de lectura y descanso\" srcset=\"https:\/\/panaderialartica.com\/wp-content\/uploads\/espacio-lectura-cuadrado.jpg 600w, https:\/\/panaderialartica.com\/wp-content\/uploads\/espacio-lectura-cuadrado-300x300.jpg 300w, https:\/\/panaderialartica.com\/wp-content\/uploads\/espacio-lectura-cuadrado-150x150.jpg 150w\" sizes=\"(max-width: 600px) 100vw, 600px\" \/>\t\t\t\t\t\t\t\t\t\t\t\t\t\t\t<\/div>\n\t\t\t\t<\/div>\n\t\t\t\t\t<\/div>\n\t\t<\/div>\n\t\t\t\t\t<\/div>\n\t\t<\/section>\n\t\t\t\t<\/div>\n\t\t","protected":false},"excerpt":{"rendered":"<p>Nous fabriquons des pains sp\u00e9ciaux tous les soirs, ainsi qu&rsquo;une vari\u00e9t\u00e9 de viennoiseries sucr\u00e9es et sal\u00e9es. Nous avons la collection de p\u00e2tes pyr\u00e9n\u00e9ennes, des bonbons avec des histoires bas\u00e9es sur des contes populaires et des l\u00e9gendes. Presque tous nos produits sont fabriqu\u00e9s de fa\u00e7on unique et maison, feuillet\u00e9s, g\u00e2teaux et tartes. Tout porte la marque&hellip;<\/p>\n","protected":false},"author":5,"featured_media":0,"parent":0,"menu_order":0,"comment_status":"closed","ping_status":"closed","template":"","meta":{"footnotes":""},"class_list":["post-572","page","type-page","status-publish","hentry"],"_links":{"self":[{"href":"https:\/\/panaderialartica.com\/fr\/wp-json\/wp\/v2\/pages\/572","targetHints":{"allow":["GET"]}}],"collection":[{"href":"https:\/\/panaderialartica.com\/fr\/wp-json\/wp\/v2\/pages"}],"about":[{"href":"https:\/\/panaderialartica.com\/fr\/wp-json\/wp\/v2\/types\/page"}],"author":[{"embeddable":true,"href":"https:\/\/panaderialartica.com\/fr\/wp-json\/wp\/v2\/users\/5"}],"replies":[{"embeddable":true,"href":"https:\/\/panaderialartica.com\/fr\/wp-json\/wp\/v2\/comments?post=572"}],"version-history":[{"count":24,"href":"https:\/\/panaderialartica.com\/fr\/wp-json\/wp\/v2\/pages\/572\/revisions"}],"predecessor-version":[{"id":1790,"href":"https:\/\/panaderialartica.com\/fr\/wp-json\/wp\/v2\/pages\/572\/revisions\/1790"}],"wp:attachment":[{"href":"https:\/\/panaderialartica.com\/fr\/wp-json\/wp\/v2\/media?parent=572"}],"curies":[{"name":"wp","href":"https:\/\/api.w.org\/{rel}","templated":true}]}}